
{"id":2,"date":"2024-07-02T16:41:23","date_gmt":"2024-07-02T16:41:23","guid":{"rendered":"https:\/\/canlleig.com\/?page_id=2"},"modified":"2025-03-07T09:06:55","modified_gmt":"2025-03-07T09:06:55","slug":"sales-conditions","status":"publish","type":"page","link":"https:\/\/canlleig.com\/es\/sales-conditions\/","title":{"rendered":"Condiciones de venta"},"content":{"rendered":"<h3 class=\"wp-block-heading\">Reserva y pago<\/h3>\n\n\n\n<ol class=\"wp-block-list\">\n<li><strong>Confirmaci\u00f3n de reserva<\/strong>:\n<ul class=\"wp-block-list\">\n<li>Su reserva quedar\u00e1 confirmada cuando hayamos recibido el pago.<\/li>\n<\/ul>\n<\/li>\n\n\n\n<li><strong>Condiciones de pago<\/strong>:\n<ul class=\"wp-block-list\">\n<li>El importe total debe transferirse en el momento de la reserva.<\/li>\n<\/ul>\n<\/li>\n<\/ol>\n\n\n\n<h3 class=\"wp-block-heading\">Pol\u00edtica de cancelaci\u00f3n<\/h3>\n\n\n\n<ol class=\"wp-block-list\">\n<li><strong>Cancelaci\u00f3n por parte de los hu\u00e9spedes<\/strong>:\n<ul class=\"wp-block-list\">\n<li>Si cancela su reserva en un plazo de 48 horas y al menos 14 d\u00edas antes de la llegada, recibir\u00e1 un reembolso completo.<\/li>\n\n\n\n<li>Si cancela su reserva con m\u00e1s de un mes de antelaci\u00f3n a la fecha de llegada, se le devolver\u00e1 el 50% de su pago.<\/li>\n\n\n\n<li>Si cancela su reserva con menos de un mes de antelaci\u00f3n a la fecha de llegada, no se le reembolsar\u00e1 ning\u00fan importe.<\/li>\n\n\n\n<li>La cancelaci\u00f3n por parte del inquilino debe enviarse siempre por correo electr\u00f3nico, incluyendo el nombre del inquilino y el periodo de alquiler.<\/li>\n<\/ul>\n<\/li>\n\n\n\n<li><strong>Anulaci\u00f3n por el propietario<\/strong>: \n<ul class=\"wp-block-list\">\n<li>En el improbable caso de que tengamos que cancelar su reserva, le reembolsaremos \u00edntegramente todos los pagos realizados. En este caso, el arrendatario no tendr\u00e1 ning\u00fan derecho m\u00e1s all\u00e1 de reclamar las cantidades ya abonadas y renuncia expresamente a cualquier otra reclamaci\u00f3n.<\/li>\n\n\n\n<li>El arrendador se reserva el derecho de anular el contrato de alquiler si se comprueba que los datos personales facilitados son inexactos.<\/li>\n<\/ul>\n<\/li>\n\n\n\n<li><strong>Anulaci\u00f3n por el Gobierno<\/strong>\n<ul class=\"wp-block-list\">\n<li>Si la estancia no puede realizarse debido a medidas impuestas por el Gobierno espa\u00f1ol u otra autoridad gubernamental, se seguir\u00e1n aplicando las pol\u00edticas de cancelaci\u00f3n. Por lo tanto, le recomendamos que contrate un seguro de viaje y\/o cancelaci\u00f3n para que, en caso de que se vea obligado a cancelar o acortar sus vacaciones por circunstancias imprevistas o fuerza mayor, pueda recuperar sus fondos. Consulte con antelaci\u00f3n a su agente de seguros para asegurarse una cobertura adecuada.<\/li>\n<\/ul>\n<\/li>\n<\/ol>\n\n\n\n<h3 class=\"wp-block-heading\">Servicios de limpieza<\/h3>\n\n\n\n<ol class=\"wp-block-list\">\n<li><strong>Normas de limpieza<\/strong>:\n<ul class=\"wp-block-list\">\n<li>La villa ser\u00e1 limpiada por los conserjes despu\u00e9s de su estancia por una tarifa fija de 300 \u20ac.<\/li>\n<\/ul>\n<\/li>\n\n\n\n<li><strong>Requisitos de limpieza<\/strong>:\n<ul class=\"wp-block-list\">\n<li>Por favor, deje la cocina ordenada despu\u00e9s de su estancia.<\/li>\n\n\n\n<li>Por favor, deposite sus residuos en las papeleras del parking y los conserjes los llevar\u00e1n a los contenedores municipales.<\/li>\n\n\n\n<li>Por favor, deje las toallas usadas en el hall de entrada de la casa.<\/li>\n<\/ul>\n<\/li>\n<\/ol>\n\n\n\n<h3 class=\"wp-block-heading\">Hora de salida<\/h3>\n\n\n\n<ol class=\"wp-block-list\">\n<li><strong>Hora de entrada<\/strong>: La hora de entrada es a las 16:00. Se ruega respetar esta hora a menos que se acuerde lo contrario con antelaci\u00f3n.<\/li>\n\n\n\n<li><strong>Procedimiento de salida<\/strong>:\n<ul class=\"wp-block-list\">\n<li>La hora de salida es antes de las 10.00 del d\u00eda de salida.<\/li>\n\n\n\n<li>Las solicitudes de salida tard\u00eda pueden ser atendidas en funci\u00f3n de la disponibilidad y deben ser aprobadas con antelaci\u00f3n.<\/li>\n<\/ul>\n<\/li>\n\n\n\n<li><strong>Responsabilidades de salida<\/strong>:\n<ul class=\"wp-block-list\">\n<li>Por favor, aseg\u00farese de que todas las pertenencias personales se retiran de la villa.<\/li>\n\n\n\n<li>Devolver todas las llaves y cualquier equipo proporcionado.<\/li>\n\n\n\n<li>Aseg\u00farate de que toda la basura se elimine correctamente y de que la casa quede en buenas condiciones.<\/li>\n<\/ul>\n<\/li>\n<\/ol>\n\n\n\n<h3 class=\"wp-block-heading\">Fianza y dep\u00f3sito de seguridad<\/h3>\n\n\n\n<p>Un dep\u00f3sito de 250 euros debe ser entregado a los conserjes a su llegada a la propiedad y ser\u00e1 devuelto a los inquilinos a la salida a menos que:<\/p>\n\n\n\n<ol class=\"wp-block-list\">\n<li><strong>Da\u00f1os<\/strong>: Hay da\u00f1os en la propiedad, el mobiliario o los electrodom\u00e9sticos.<\/li>\n\n\n\n<li><strong>P\u00e9rdida de art\u00edculos<\/strong>: Se pierden objetos como llaves, mandos a distancia u otros objetos.<\/li>\n\n\n\n<li><strong>Limpieza excesiva<\/strong>: La casa se deja en un estado excesivamente sucio, lo que requiere una limpieza adicional m\u00e1s all\u00e1 de las expectativas normales.<\/li>\n\n\n\n<li><strong>Incumplimiento<\/strong>: Los hu\u00e9spedes no siguen las instrucciones de salida, como no sacar la basura o dejar las toallas y s\u00e1banas usadas como se les pide.<\/li>\n<\/ol>\n\n\n\n<p>En tales casos, puede retenerse una parte o la totalidad del dep\u00f3sito para cubrir los gastos.<\/p>\n\n\n\n<h3 class=\"wp-block-heading\">Responsabilidad<\/h3>\n\n\n\n<div class=\"wp-block-group\"><div class=\"wp-block-group__inner-container is-layout-constrained wp-block-group-is-layout-constrained\">\n<p>El arrendatario se compromete a tratar la propiedad como un cuidador responsable. En caso de molestias y\/o da\u00f1os a la propiedad o al inventario, o de incumplimiento de las normas de la casa, se le podr\u00e1 exigir que abandone la casa de vacaciones.<\/p>\n\n\n\n<p>Como propietarios, no nos hacemos responsables de robos, p\u00e9rdidas o da\u00f1os de cualquier tipo a pertenencias o personas durante o como resultado de una estancia en nuestra casa de vacaciones. Tampoco aceptamos ninguna responsabilidad por interrupciones del servicio o deficiencias en los servicios prestados por terceros.<\/p>\n\n\n\n<p>El arrendatario es responsable de cualquier p\u00e9rdida y\/o da\u00f1o a la vivienda alquilada y\/o a otros bienes pertenecientes al propietario que se produzca durante su uso por usted y\/o por otros usuarios, independientemente de si esto resulta de acciones u omisiones suyas y\/o de terceros permitidos en la propiedad con su permiso.<\/p>\n\n\n\n<p>Todos los da\u00f1os deben ser comunicados al propietario antes de la salida del arrendatario.<\/p>\n<\/div><\/div>\n\n\n\n<h3 class=\"wp-block-heading\">Normas de la casa<\/h3>\n\n\n\n<ul class=\"wp-block-list\">\n<li>La casa de vacaciones no se alquila para despedidas de soltero, reuniones de estudiantes u otros eventos en los que se beba en exceso.<\/li>\n\n\n\n<li>No est\u00e1 permitido fumar en la casa. Tenga cuidado al fumar en la naturaleza.<\/li>\n\n\n\n<li>Le pedimos que respete a nuestros vecinos y mantenga el ruido al m\u00ednimo despu\u00e9s de las 22:00 horas. Las fiestas ruidosas no est\u00e1n permitidas.<\/li>\n\n\n\n<li>Se pueden utilizar toallas de ba\u00f1o, toallas de playa y s\u00e1banas.<\/li>\n\n\n\n<li>Por favor, utilice las toallas s\u00f3lo para el ba\u00f1o y no para la playa. Las toallas blancas son para uso interior, las de color para la piscina y las otras para la playa.<\/li>\n\n\n\n<li>Utilice \u00fanicamente vasos de pl\u00e1stico en la piscina. No queremos que nadie se lesione con cristales rotos en la terraza o alrededor de la piscina.<\/li>\n\n\n\n<li>Por favor, deposite la basura en los contenedores situados junto a la cochera, con los cristales separados.<\/li>\n\n\n\n<li>Por favor, deje todos los muebles en su lugar original; si quiere mover algo, pregunte antes a las amas de llaves.<\/li>\n\n\n\n<li>No est\u00e1 permitido ocupar la propiedad con m\u00e1s personas que el n\u00famero m\u00e1ximo especificado (12 personas). Tampoco se permiten tiendas de campa\u00f1a, caravanas o autocaravanas adicionales. Los ni\u00f1os menores de 2 a\u00f1os no se cuentan como personas de pleno derecho, pero deben mencionarse con antelaci\u00f3n.<\/li>\n\n\n\n<li>No est\u00e1 permitido invitar a personas que no sean inquilinos.<\/li>\n\n\n\n<li>Aseg\u00farate de que las plantas no reciban agua de la piscina y vigila a los ni\u00f1os para evitarlo.<\/li>\n\n\n\n<li>Al final de tu estancia, deja la cocina limpia (no dejes ning\u00fan desorden).<\/li>\n\n\n\n<li>Cierre siempre todas las puertas de la propiedad para evitar que las cabras entren y se coman las plantas del jard\u00edn.<\/li>\n\n\n\n<li>Tenga cuidado, la terraza puede volverse resbaladiza cuando est\u00e1 mojada.<\/li>\n\n\n\n<li>Ocasionalmente, puede haber medusas en el mar. En caso de picadura, el mejor remedio es raspar la zona de la picadura con la cara fina de una tarjeta (como las de los bancos) y aclarar con agua de mar.<\/li>\n\n\n\n<li>Durante ciertas estaciones, puede haber algunos insectos. Llevar crema o spray antimosquitos puede ser \u00fatil, sobre todo para los ni\u00f1os, durante la noche.<\/li>\n\n\n\n<li>Le rogamos que respete la intimidad y la paz de nuestros vecinos. No se tolerar\u00e1n ruidos o molestias excesivas.<\/li>\n\n\n\n<li>No se admiten animales de compa\u00f1\u00eda sin autorizaci\u00f3n previa.<\/li>\n\n\n\n<li>En caso de incendio, salga del edificio lo antes posible y p\u00f3ngase en contacto con los bomberos (112) y con el propietario. Si se trata de un incendio peque\u00f1o, primero puede intentar extinguirlo con los extintores que hay a su disposici\u00f3n.<\/li>\n<\/ul>\n\n\n\n<h3 class=\"wp-block-heading\">Informaci\u00f3n de contacto<\/h3>\n\n\n\n<ul class=\"wp-block-list\">\n<li>Para cualquier consulta o asistencia durante su estancia, p\u00f3ngase en contacto con nosotros en:<\/li>\n\n\n\n<li>Tel: +32 477 47 18 50<\/li>\n\n\n\n<li>Correo electr\u00f3nico: <a href=\"mailto:info@canlleig.com\" target=\"_blank\" rel=\"noreferrer noopener\">info@canlleig.com<\/a><\/li>\n<\/ul>\n\n\n\n<p>Gracias por elegir nuestra villa para su estancia en Mallorca. Esperamos darle la bienvenida y asegurarnos de que tenga una experiencia agradable y memorable.<\/p>\n\n\n\n<hr class=\"wp-block-separator has-alpha-channel-opacity\"\/>\n\n\n\n<p>No dude en modificar cualquier secci\u00f3n para adaptarla mejor a las necesidades y preferencias espec\u00edficas de su cliente.<\/p>","protected":false},"excerpt":{"rendered":"<p>Booking and Payment Cancellation Policy Cleaning Services Check-Out Time Damage and Security Deposit A deposit of 250 euros must be given to the concierges on arrival at the property and will be returned to the tenants on departure unless: In such cases, part or all of the deposit may be retained to cover the costs. [&hellip;]<\/p>\n","protected":false},"author":4,"featured_media":0,"parent":0,"menu_order":0,"comment_status":"closed","ping_status":"closed","template":"","meta":{"_acf_changed":false,"slim_seo":{"title":"Sales Conditions - Can Lleig","description":"Booking and Payment Cancellation Policy Cleaning Services Check-Out Time Damage and Security Deposit A deposit of 250 euros must be given to the concierges on a"},"footnotes":""},"class_list":["post-2","page","type-page","status-publish","hentry"],"acf":[],"_links":{"self":[{"href":"https:\/\/canlleig.com\/es\/wp-json\/wp\/v2\/pages\/2","targetHints":{"allow":["GET"]}}],"collection":[{"href":"https:\/\/canlleig.com\/es\/wp-json\/wp\/v2\/pages"}],"about":[{"href":"https:\/\/canlleig.com\/es\/wp-json\/wp\/v2\/types\/page"}],"author":[{"embeddable":true,"href":"https:\/\/canlleig.com\/es\/wp-json\/wp\/v2\/users\/4"}],"replies":[{"embeddable":true,"href":"https:\/\/canlleig.com\/es\/wp-json\/wp\/v2\/comments?post=2"}],"version-history":[{"count":15,"href":"https:\/\/canlleig.com\/es\/wp-json\/wp\/v2\/pages\/2\/revisions"}],"predecessor-version":[{"id":1059,"href":"https:\/\/canlleig.com\/es\/wp-json\/wp\/v2\/pages\/2\/revisions\/1059"}],"wp:attachment":[{"href":"https:\/\/canlleig.com\/es\/wp-json\/wp\/v2\/media?parent=2"}],"curies":[{"name":"wp","href":"https:\/\/api.w.org\/{rel}","templated":true}]}}