
{"id":46,"date":"2024-07-04T01:18:32","date_gmt":"2024-07-04T01:18:32","guid":{"rendered":"https:\/\/canlleig.com\/?page_id=46"},"modified":"2024-11-13T11:13:41","modified_gmt":"2024-11-13T11:13:41","slug":"activities","status":"publish","type":"page","link":"https:\/\/canlleig.com\/de\/activities\/","title":{"rendered":"Aktivit\u00e4ten"},"content":{"rendered":"\n<section as=\"section\" class=\"wp-block-remote-x-blocks-container gap-xl flex-column margin-top-m\">\n<div as=\"div\" class=\"wp-block-remote-x-blocks-container auto-grid items-middle\">\n<figure class=\"wp-block-image size-full aspect-4-3\"><img loading=\"lazy\" decoding=\"async\" width=\"1440\" height=\"811\" src=\"https:\/\/canlleig.com\/wp-content\/uploads\/2024\/08\/Swimming-Pool-Can-Lleig.webp\" alt=\"\" class=\"wp-image-423\" srcset=\"https:\/\/canlleig.com\/wp-content\/uploads\/2024\/08\/Swimming-Pool-Can-Lleig.webp 1440w, https:\/\/canlleig.com\/wp-content\/uploads\/2024\/08\/Swimming-Pool-Can-Lleig-490x276.webp 490w, https:\/\/canlleig.com\/wp-content\/uploads\/2024\/08\/Swimming-Pool-Can-Lleig-626x353.webp 626w, https:\/\/canlleig.com\/wp-content\/uploads\/2024\/08\/Swimming-Pool-Can-Lleig-768x433.webp 768w, https:\/\/canlleig.com\/wp-content\/uploads\/2024\/08\/Swimming-Pool-Can-Lleig-380x214.webp 380w, https:\/\/canlleig.com\/wp-content\/uploads\/2024\/08\/Swimming-Pool-Can-Lleig-328x185.webp 328w, https:\/\/canlleig.com\/wp-content\/uploads\/2024\/08\/Swimming-Pool-Can-Lleig-250x141.webp 250w\" sizes=\"auto, (max-width: 1440px) 100vw, 1440px\" \/><\/figure>\n\n\n\n<div as=\"div\" class=\"wp-block-remote-x-blocks-container\">\n<h2 class=\"wp-block-heading\">Swimming and Relaxation<\/h2>\n\n\n\n<p>Enjoy our private swimming pool, perfect for a refreshing dip or lounging poolside under the Mallorcan sun. Poolside loungers and shaded areas are available for your comfort.<\/p>\n<\/div>\n<\/div>\n\n\n\n<div as=\"div\" class=\"wp-block-remote-x-blocks-container auto-grid items-middle\">\n<figure class=\"wp-block-image size-full aspect-4-3\"><img loading=\"lazy\" decoding=\"async\" width=\"1440\" height=\"811\" src=\"https:\/\/canlleig.com\/wp-content\/uploads\/2024\/08\/Table-Football-and-Table-Tennis.webp\" alt=\"\" class=\"wp-image-432\" srcset=\"https:\/\/canlleig.com\/wp-content\/uploads\/2024\/08\/Table-Football-and-Table-Tennis.webp 1440w, https:\/\/canlleig.com\/wp-content\/uploads\/2024\/08\/Table-Football-and-Table-Tennis-490x276.webp 490w, https:\/\/canlleig.com\/wp-content\/uploads\/2024\/08\/Table-Football-and-Table-Tennis-626x353.webp 626w, https:\/\/canlleig.com\/wp-content\/uploads\/2024\/08\/Table-Football-and-Table-Tennis-768x433.webp 768w, https:\/\/canlleig.com\/wp-content\/uploads\/2024\/08\/Table-Football-and-Table-Tennis-380x214.webp 380w, https:\/\/canlleig.com\/wp-content\/uploads\/2024\/08\/Table-Football-and-Table-Tennis-328x185.webp 328w, https:\/\/canlleig.com\/wp-content\/uploads\/2024\/08\/Table-Football-and-Table-Tennis-250x141.webp 250w\" sizes=\"auto, (max-width: 1440px) 100vw, 1440px\" \/><\/figure>\n\n\n\n<div as=\"div\" class=\"wp-block-remote-x-blocks-container\">\n<h2 class=\"wp-block-heading\">Table Football and Table Tennis<\/h2>\n\n\n\n<p>Challenge your family or friends to a game of table football or table tennis. These are located in the villa\u2019s recreational area, complete with all necessary equipment.<\/p>\n<\/div>\n<\/div>\n\n\n\n<div as=\"div\" class=\"wp-block-remote-x-blocks-container auto-grid items-middle\">\n<figure class=\"wp-block-image size-full aspect-4-3\"><img loading=\"lazy\" decoding=\"async\" width=\"1440\" height=\"811\" src=\"https:\/\/canlleig.com\/wp-content\/uploads\/2024\/07\/Can-Lleig21.webp\" alt=\"\" class=\"wp-image-286\" srcset=\"https:\/\/canlleig.com\/wp-content\/uploads\/2024\/07\/Can-Lleig21.webp 1440w, https:\/\/canlleig.com\/wp-content\/uploads\/2024\/07\/Can-Lleig21-490x276.webp 490w, https:\/\/canlleig.com\/wp-content\/uploads\/2024\/07\/Can-Lleig21-626x353.webp 626w, https:\/\/canlleig.com\/wp-content\/uploads\/2024\/07\/Can-Lleig21-768x433.webp 768w, https:\/\/canlleig.com\/wp-content\/uploads\/2024\/07\/Can-Lleig21-380x214.webp 380w, https:\/\/canlleig.com\/wp-content\/uploads\/2024\/07\/Can-Lleig21-328x185.webp 328w, https:\/\/canlleig.com\/wp-content\/uploads\/2024\/07\/Can-Lleig21-250x141.webp 250w\" sizes=\"auto, (max-width: 1440px) 100vw, 1440px\" \/><\/figure>\n\n\n\n<div as=\"div\" class=\"wp-block-remote-x-blocks-container\">\n<h2 class=\"wp-block-heading\">P\u00e9tanque<\/h2>\n\n\n\n<p>Experience the classic game of p\u00e9tanque on our dedicated court. Equipment is provided, and the court is easily accessible from the villa.<\/p>\n<\/div>\n<\/div>\n<\/section>\n\n\n\n<section as=\"section\" class=\"wp-block-remote-x-blocks-container gap-xl flex-column\">\n<div as=\"div\" class=\"wp-block-remote-x-blocks-container auto-grid items-middle\">\n<figure class=\"wp-block-image size-full aspect-4-3\"><img loading=\"lazy\" decoding=\"async\" width=\"1440\" height=\"683\" src=\"https:\/\/canlleig.com\/wp-content\/uploads\/2024\/07\/Can-Lleig19.webp\" alt=\"\" class=\"wp-image-288\" srcset=\"https:\/\/canlleig.com\/wp-content\/uploads\/2024\/07\/Can-Lleig19.webp 1440w, https:\/\/canlleig.com\/wp-content\/uploads\/2024\/07\/Can-Lleig19-490x232.webp 490w, https:\/\/canlleig.com\/wp-content\/uploads\/2024\/07\/Can-Lleig19-626x297.webp 626w, https:\/\/canlleig.com\/wp-content\/uploads\/2024\/07\/Can-Lleig19-768x364.webp 768w, https:\/\/canlleig.com\/wp-content\/uploads\/2024\/07\/Can-Lleig19-380x180.webp 380w, https:\/\/canlleig.com\/wp-content\/uploads\/2024\/07\/Can-Lleig19-328x156.webp 328w, https:\/\/canlleig.com\/wp-content\/uploads\/2024\/07\/Can-Lleig19-250x119.webp 250w\" sizes=\"auto, (max-width: 1440px) 100vw, 1440px\" \/><\/figure>\n\n\n\n<div as=\"div\" class=\"wp-block-remote-x-blocks-container\">\n<h2 class=\"wp-block-heading\">Dining and Barbecue<\/h2>\n\n\n\n<p>Prepare a delicious meal using our gas barbecue, located under the terrace. Perfect for enjoying a relaxed outdoor dining experience.<\/p>\n<\/div>\n<\/div>\n\n\n\n<div as=\"div\" class=\"wp-block-remote-x-blocks-container auto-grid items-middle\">\n<figure class=\"wp-block-image size-full is-resized aspect-4-3\"><img loading=\"lazy\" decoding=\"async\" width=\"1440\" height=\"811\" src=\"https:\/\/canlleig.com\/wp-content\/uploads\/2024\/10\/20240917_114500.jpeg\" alt=\"20240917 114500\" class=\"wp-image-883\" style=\"width:558px;height:auto\" srcset=\"https:\/\/canlleig.com\/wp-content\/uploads\/2024\/10\/20240917_114500.jpeg 1440w, https:\/\/canlleig.com\/wp-content\/uploads\/2024\/10\/20240917_114500-490x276.jpeg 490w, https:\/\/canlleig.com\/wp-content\/uploads\/2024\/10\/20240917_114500-626x353.jpeg 626w, https:\/\/canlleig.com\/wp-content\/uploads\/2024\/10\/20240917_114500-768x433.jpeg 768w, https:\/\/canlleig.com\/wp-content\/uploads\/2024\/10\/20240917_114500-380x214.jpeg 380w, https:\/\/canlleig.com\/wp-content\/uploads\/2024\/10\/20240917_114500-328x185.jpeg 328w, https:\/\/canlleig.com\/wp-content\/uploads\/2024\/10\/20240917_114500-250x141.jpeg 250w\" sizes=\"auto, (max-width: 1440px) 100vw, 1440px\" \/><\/figure>\n\n\n\n<div as=\"div\" class=\"wp-block-remote-x-blocks-container\">\n<h2 class=\"wp-block-heading\">Es Vergeret Restaurant<\/h2>\n\n\n\n<p>Dine at Es Vergeret, a local restaurant just a short walk from the villa. Enjoy fresh seafood and Mediterranean cuisine with breathtaking views. Reservations are recommended.<\/p>\n\n\n\n<a class=\"flipping-arrow-button\" href=\"http:\/\/www.esvergeret.com\"><span class=\"flipping-arrow-button-text\">More information<\/span><span class=\"flipping-arrow-button-icon\"><svg width=\"24\" height=\"16\" viewBox=\"0 0 24 16\" fill=\"none\" xmlns=\"http:\/\/www.w3.org\/2000\/svg\"><path d=\"M16 0L14.59 1.41L20.17 7H0V9H20.17L14.58 14.58L16 16L24 8L16 0Z\"><\/path><\/svg><\/span><\/a>\n<\/div>\n<\/div>\n\n\n\n<div as=\"div\" class=\"wp-block-remote-x-blocks-container auto-grid items-middle\">\n<figure class=\"wp-block-image size-full aspect-4-3\"><img loading=\"lazy\" decoding=\"async\" width=\"1440\" height=\"683\" src=\"https:\/\/canlleig.com\/wp-content\/uploads\/2024\/07\/20230521_163758.webp\" alt=\"\" class=\"wp-image-338\" srcset=\"https:\/\/canlleig.com\/wp-content\/uploads\/2024\/07\/20230521_163758.webp 1440w, https:\/\/canlleig.com\/wp-content\/uploads\/2024\/07\/20230521_163758-490x232.webp 490w, https:\/\/canlleig.com\/wp-content\/uploads\/2024\/07\/20230521_163758-626x297.webp 626w, https:\/\/canlleig.com\/wp-content\/uploads\/2024\/07\/20230521_163758-768x364.webp 768w, https:\/\/canlleig.com\/wp-content\/uploads\/2024\/07\/20230521_163758-380x180.webp 380w, https:\/\/canlleig.com\/wp-content\/uploads\/2024\/07\/20230521_163758-328x156.webp 328w, https:\/\/canlleig.com\/wp-content\/uploads\/2024\/07\/20230521_163758-250x119.webp 250w\" sizes=\"auto, (max-width: 1440px) 100vw, 1440px\" \/><\/figure>\n\n\n\n<div as=\"div\" class=\"wp-block-remote-x-blocks-container\">\n<h2 class=\"wp-block-heading\">Recreational Facilities<\/h2>\n\n\n\n<p>In addition to sports, enjoy a variety of board games and books. The villa is equipped with WiFi, equipped kitchen, and laundry facilities for your convenience.<\/p>\n<\/div>\n<\/div>\n\n\n\n<div as=\"div\" class=\"wp-block-remote-x-blocks-container auto-grid items-middle\">\n<figure class=\"wp-block-image size-full aspect-4-3\"><img loading=\"lazy\" decoding=\"async\" width=\"1440\" height=\"811\" src=\"https:\/\/canlleig.com\/wp-content\/uploads\/2024\/10\/20240626_102032.jpg\" alt=\"20240626 102032\" class=\"wp-image-919\" srcset=\"https:\/\/canlleig.com\/wp-content\/uploads\/2024\/10\/20240626_102032.jpg 1440w, https:\/\/canlleig.com\/wp-content\/uploads\/2024\/10\/20240626_102032-490x276.jpg 490w, https:\/\/canlleig.com\/wp-content\/uploads\/2024\/10\/20240626_102032-626x353.jpg 626w, https:\/\/canlleig.com\/wp-content\/uploads\/2024\/10\/20240626_102032-768x433.jpg 768w, https:\/\/canlleig.com\/wp-content\/uploads\/2024\/10\/20240626_102032-380x214.jpg 380w, https:\/\/canlleig.com\/wp-content\/uploads\/2024\/10\/20240626_102032-328x185.jpg 328w, https:\/\/canlleig.com\/wp-content\/uploads\/2024\/10\/20240626_102032-250x141.jpg 250w\" sizes=\"auto, (max-width: 1440px) 100vw, 1440px\" \/><\/figure>\n\n\n\n<div as=\"div\" class=\"wp-block-remote-x-blocks-container\">\n<h2 class=\"wp-block-heading\">Cala Tuent Beach<\/h2>\n\n\n\n<p>Relax at the serene Cala Tuent Beach, accessible via a private path. The beach is ideal for a peaceful retreat with crystal-clear waters and beautiful surroundings.<\/p>\n<\/div>\n<\/div>\n\n\n\n<div as=\"div\" class=\"wp-block-remote-x-blocks-container text-center bg-surface padding-xl\">\n<h2 class=\"wp-block-heading text-center\">Hikes and Trails<\/h2>\n<\/div>\n\n\n\n<div as=\"div\" class=\"wp-block-remote-x-blocks-container auto-grid items-middle\">\n<figure class=\"wp-block-image size-full aspect-4-3\"><img loading=\"lazy\" decoding=\"async\" width=\"1440\" height=\"811\" src=\"https:\/\/canlleig.com\/wp-content\/uploads\/2024\/07\/20231017_142238.webp\" alt=\"\" class=\"wp-image-340\" srcset=\"https:\/\/canlleig.com\/wp-content\/uploads\/2024\/07\/20231017_142238.webp 1440w, https:\/\/canlleig.com\/wp-content\/uploads\/2024\/07\/20231017_142238-490x276.webp 490w, https:\/\/canlleig.com\/wp-content\/uploads\/2024\/07\/20231017_142238-626x353.webp 626w, https:\/\/canlleig.com\/wp-content\/uploads\/2024\/07\/20231017_142238-768x433.webp 768w, https:\/\/canlleig.com\/wp-content\/uploads\/2024\/07\/20231017_142238-380x214.webp 380w, https:\/\/canlleig.com\/wp-content\/uploads\/2024\/07\/20231017_142238-328x185.webp 328w, https:\/\/canlleig.com\/wp-content\/uploads\/2024\/07\/20231017_142238-250x141.webp 250w\" sizes=\"auto, (max-width: 1440px) 100vw, 1440px\" \/><\/figure>\n\n\n\n<div as=\"div\" class=\"wp-block-remote-x-blocks-container\">\n<h2 class=\"wp-block-heading\">Cala Tuent Hiking Trails<\/h2>\n\n\n\n<p>Explore the beautiful hiking trails starting from Cala Tuent. Enjoy scenic views and various difficulty levels, perfect for all hiking enthusiasts.<\/p>\n\n\n\n<a class=\"flipping-arrow-button\" href=\"http:\/\/www.alltrails.com\/spain\/mallorca\"><span class=\"flipping-arrow-button-text\">More information<\/span><span class=\"flipping-arrow-button-icon\"><svg width=\"24\" height=\"16\" viewBox=\"0 0 24 16\" fill=\"none\" xmlns=\"http:\/\/www.w3.org\/2000\/svg\"><path d=\"M16 0L14.59 1.41L20.17 7H0V9H20.17L14.58 14.58L16 16L24 8L16 0Z\"><\/path><\/svg><\/span><\/a>\n<\/div>\n<\/div>\n\n\n\n<div as=\"div\" class=\"wp-block-remote-x-blocks-container auto-grid items-middle\">\n<figure class=\"wp-block-image size-full aspect-4-3\"><img loading=\"lazy\" decoding=\"async\" width=\"1440\" height=\"811\" src=\"https:\/\/canlleig.com\/wp-content\/uploads\/2024\/08\/Sa-Costera.webp\" alt=\"\" class=\"wp-image-428\" srcset=\"https:\/\/canlleig.com\/wp-content\/uploads\/2024\/08\/Sa-Costera.webp 1440w, https:\/\/canlleig.com\/wp-content\/uploads\/2024\/08\/Sa-Costera-490x276.webp 490w, https:\/\/canlleig.com\/wp-content\/uploads\/2024\/08\/Sa-Costera-626x353.webp 626w, https:\/\/canlleig.com\/wp-content\/uploads\/2024\/08\/Sa-Costera-768x433.webp 768w, https:\/\/canlleig.com\/wp-content\/uploads\/2024\/08\/Sa-Costera-380x214.webp 380w, https:\/\/canlleig.com\/wp-content\/uploads\/2024\/08\/Sa-Costera-328x185.webp 328w, https:\/\/canlleig.com\/wp-content\/uploads\/2024\/08\/Sa-Costera-250x141.webp 250w\" sizes=\"auto, (max-width: 1440px) 100vw, 1440px\" \/><\/figure>\n\n\n\n<div as=\"div\" class=\"wp-block-remote-x-blocks-container\">\n<h2 class=\"wp-block-heading\">Sa Costera<\/h2>\n\n\n\n<p>Take on the picturesque hike from Cala Tuent to Mirador\/Port de Soller. This trail offers stunning views and takes approximately 3-4 hours. Remember to wear good shoes and bring plenty of fluids.<\/p>\n<\/div>\n<\/div>\n\n\n\n<div as=\"div\" class=\"wp-block-remote-x-blocks-container text-center bg-surface padding-xl\">\n<h2 class=\"wp-block-heading text-center\">Water sports and Boating<\/h2>\n<\/div>\n\n\n\n<div as=\"div\" class=\"wp-block-remote-x-blocks-container auto-grid items-middle\">\n<figure class=\"wp-block-image size-full aspect-4-3\"><img loading=\"lazy\" decoding=\"async\" width=\"552\" height=\"414\" src=\"https:\/\/canlleig.com\/wp-content\/uploads\/2024\/07\/Diving.webp\" alt=\"\" class=\"wp-image-343\" srcset=\"https:\/\/canlleig.com\/wp-content\/uploads\/2024\/07\/Diving.webp 552w, https:\/\/canlleig.com\/wp-content\/uploads\/2024\/07\/Diving-490x368.webp 490w, https:\/\/canlleig.com\/wp-content\/uploads\/2024\/07\/Diving-380x285.webp 380w, https:\/\/canlleig.com\/wp-content\/uploads\/2024\/07\/Diving-328x246.webp 328w, https:\/\/canlleig.com\/wp-content\/uploads\/2024\/07\/Diving-250x188.webp 250w\" sizes=\"auto, (max-width: 552px) 100vw, 552px\" \/><\/figure>\n\n\n\n<div as=\"div\" class=\"wp-block-remote-x-blocks-container\">\n<h2 class=\"wp-block-heading\">Diving and Snorkeling<\/h2>\n\n\n\n<p>Discover the underwater beauty of Cala Tuent with diving and snorkeling activities. Joan offers diving lessons.<\/p>\n\n\n\n<a class=\"flipping-arrow-button\" href=\"http:\/\/www.tuentadventure.com\"><span class=\"flipping-arrow-button-text\">More Information<\/span><span class=\"flipping-arrow-button-icon\"><svg width=\"24\" height=\"16\" viewBox=\"0 0 24 16\" fill=\"none\" xmlns=\"http:\/\/www.w3.org\/2000\/svg\"><path d=\"M16 0L14.59 1.41L20.17 7H0V9H20.17L14.58 14.58L16 16L24 8L16 0Z\"><\/path><\/svg><\/span><\/a>\n<\/div>\n<\/div>\n\n\n\n<div as=\"div\" class=\"wp-block-remote-x-blocks-container auto-grid items-middle\">\n<figure class=\"wp-block-image size-full aspect-4-3\"><img loading=\"lazy\" decoding=\"async\" width=\"552\" height=\"414\" src=\"https:\/\/canlleig.com\/wp-content\/uploads\/2024\/07\/Boat-Tours.webp\" alt=\"\" class=\"wp-image-344\" srcset=\"https:\/\/canlleig.com\/wp-content\/uploads\/2024\/07\/Boat-Tours.webp 552w, https:\/\/canlleig.com\/wp-content\/uploads\/2024\/07\/Boat-Tours-490x368.webp 490w, https:\/\/canlleig.com\/wp-content\/uploads\/2024\/07\/Boat-Tours-380x285.webp 380w, https:\/\/canlleig.com\/wp-content\/uploads\/2024\/07\/Boat-Tours-328x246.webp 328w, https:\/\/canlleig.com\/wp-content\/uploads\/2024\/07\/Boat-Tours-250x188.webp 250w\" sizes=\"auto, (max-width: 552px) 100vw, 552px\" \/><\/figure>\n\n\n\n<div as=\"div\" class=\"wp-block-remote-x-blocks-container\">\n<h2 class=\"wp-block-heading\">Boat Tours<\/h2>\n\n\n\n<p>Explore the coast with boat tours from Soller. Choose from options like <a href=\"http:\/\/www.sollermar.com\/\" target=\"_blank\" rel=\"noreferrer noopener\">SollerMar<\/a>, Bonnie Lass Charters, and Let\u2019s Sail for an unforgettable sea adventure.<\/p>\n\n\n\n<a class=\"flipping-arrow-button\" href=\"http:\/\/www.sollermar.com\/\"><span class=\"flipping-arrow-button-text\">Visit SollerMar Website<\/span><span class=\"flipping-arrow-button-icon\"><svg width=\"24\" height=\"16\" viewBox=\"0 0 24 16\" fill=\"none\" xmlns=\"http:\/\/www.w3.org\/2000\/svg\"><path d=\"M16 0L14.59 1.41L20.17 7H0V9H20.17L14.58 14.58L16 16L24 8L16 0Z\"><\/path><\/svg><\/span><\/a>\n<\/div>\n<\/div>\n\n\n\n<div as=\"div\" class=\"wp-block-remote-x-blocks-container text-center bg-surface padding-xl\">\n<h2 class=\"wp-block-heading text-center\">Cultural and Sightseeing<\/h2>\n<\/div>\n\n\n\n<div as=\"div\" class=\"wp-block-remote-x-blocks-container auto-grid items-middle\">\n<figure class=\"wp-block-image size-full aspect-4-3\"><img loading=\"lazy\" decoding=\"async\" width=\"1440\" height=\"683\" src=\"https:\/\/canlleig.com\/wp-content\/uploads\/2024\/08\/Lluc-Sanctuary.webp\" alt=\"\" class=\"wp-image-429\" srcset=\"https:\/\/canlleig.com\/wp-content\/uploads\/2024\/08\/Lluc-Sanctuary.webp 1440w, https:\/\/canlleig.com\/wp-content\/uploads\/2024\/08\/Lluc-Sanctuary-490x232.webp 490w, https:\/\/canlleig.com\/wp-content\/uploads\/2024\/08\/Lluc-Sanctuary-626x297.webp 626w, https:\/\/canlleig.com\/wp-content\/uploads\/2024\/08\/Lluc-Sanctuary-768x364.webp 768w, https:\/\/canlleig.com\/wp-content\/uploads\/2024\/08\/Lluc-Sanctuary-380x180.webp 380w, https:\/\/canlleig.com\/wp-content\/uploads\/2024\/08\/Lluc-Sanctuary-328x156.webp 328w, https:\/\/canlleig.com\/wp-content\/uploads\/2024\/08\/Lluc-Sanctuary-250x119.webp 250w\" sizes=\"auto, (max-width: 1440px) 100vw, 1440px\" \/><\/figure>\n\n\n\n<div as=\"div\" class=\"wp-block-remote-x-blocks-container\">\n<h2 class=\"wp-block-heading\">Lluc Sanctuary<\/h2>\n\n\n\n<p>Visit the historic Lluc Sanctuary, a revered pilgrimage site nestled in the Tramuntana Mountains. Explore the monastery, botanical gardens, and surrounding hiking trails.<\/p>\n\n\n\n<a class=\"flipping-arrow-button\" href=\"http:\/\/www.santuaridelluc.com\"><span class=\"flipping-arrow-button-text\">More Info<\/span><span class=\"flipping-arrow-button-icon\"><svg width=\"24\" height=\"16\" viewBox=\"0 0 24 16\" fill=\"none\" xmlns=\"http:\/\/www.w3.org\/2000\/svg\"><path d=\"M16 0L14.59 1.41L20.17 7H0V9H20.17L14.58 14.58L16 16L24 8L16 0Z\"><\/path><\/svg><\/span><\/a>\n<\/div>\n<\/div>\n\n\n\n<div as=\"div\" class=\"wp-block-remote-x-blocks-container auto-grid items-middle\">\n<figure class=\"wp-block-image size-full aspect-4-3\"><img loading=\"lazy\" decoding=\"async\" width=\"1440\" height=\"683\" src=\"https:\/\/canlleig.com\/wp-content\/uploads\/2024\/07\/Sa-Calobra-4.webp\" alt=\"\" class=\"wp-image-339\" srcset=\"https:\/\/canlleig.com\/wp-content\/uploads\/2024\/07\/Sa-Calobra-4.webp 1440w, https:\/\/canlleig.com\/wp-content\/uploads\/2024\/07\/Sa-Calobra-4-490x232.webp 490w, https:\/\/canlleig.com\/wp-content\/uploads\/2024\/07\/Sa-Calobra-4-626x297.webp 626w, https:\/\/canlleig.com\/wp-content\/uploads\/2024\/07\/Sa-Calobra-4-768x364.webp 768w, https:\/\/canlleig.com\/wp-content\/uploads\/2024\/07\/Sa-Calobra-4-380x180.webp 380w, https:\/\/canlleig.com\/wp-content\/uploads\/2024\/07\/Sa-Calobra-4-328x156.webp 328w, https:\/\/canlleig.com\/wp-content\/uploads\/2024\/07\/Sa-Calobra-4-250x119.webp 250w\" sizes=\"auto, (max-width: 1440px) 100vw, 1440px\" \/><\/figure>\n\n\n\n<div as=\"div\" class=\"wp-block-remote-x-blocks-container\">\n<h2 class=\"wp-block-heading\">Sa Calobra with Torrent de Pareis<\/h2>\n\n\n\n<p>The <em>Torrent de Pareis<\/em> is a stunning gorge located in the bay next to Cala Tuent. The torrent is a natural wonder, carved over time by water erosion, and ends in a beautiful cove where it meets the sea.<\/p>\n<\/div>\n<\/div>\n<\/section>\n\n\n\n<div as=\"div\" class=\"wp-block-remote-x-blocks-container hero-banner content-full-width aspect-5-2 text-center min-height-50--on-s aspect-auto--on-s\">\n<figure class=\"wp-block-image size-large overlay-dark\"><img loading=\"lazy\" decoding=\"async\" width=\"626\" height=\"297\" src=\"https:\/\/canlleig.com\/wp-content\/uploads\/2024\/07\/Sa-Calobra-3-626x297.webp\" alt=\"\" class=\"wp-image-198\" srcset=\"https:\/\/canlleig.com\/wp-content\/uploads\/2024\/07\/Sa-Calobra-3-626x297.webp 626w, https:\/\/canlleig.com\/wp-content\/uploads\/2024\/07\/Sa-Calobra-3-490x232.webp 490w, https:\/\/canlleig.com\/wp-content\/uploads\/2024\/07\/Sa-Calobra-3-768x364.webp 768w, https:\/\/canlleig.com\/wp-content\/uploads\/2024\/07\/Sa-Calobra-3-380x180.webp 380w, https:\/\/canlleig.com\/wp-content\/uploads\/2024\/07\/Sa-Calobra-3-328x156.webp 328w, https:\/\/canlleig.com\/wp-content\/uploads\/2024\/07\/Sa-Calobra-3-250x119.webp 250w, https:\/\/canlleig.com\/wp-content\/uploads\/2024\/07\/Sa-Calobra-3.webp 1440w\" sizes=\"auto, (max-width: 626px) 100vw, 626px\" \/><\/figure>\n\n\n\n<div as=\"div\" class=\"wp-block-remote-x-blocks-container text-center margin-inline-auto content-middle light z-10 max-width-80 row column\">\n<h2 class=\"wp-block-heading light text-center\">Book Your Dream Vacation Today!<\/h2>\n\n\n\n<p class=\"light max-width-60ch margin-inline-auto\">Experience the beauty of our finca in Mallorca. Fill out the form to check availability and start planning your unforgettable getaway.<\/p>\n\n\n\n<div as=\"div\" class=\"wp-block-remote-x-blocks-container bg-body radius-s padding-m\"><div class=\"mphb_sc_booking_form-wrapper is-direct-booking is-style-horizontal-form\">\t<form method=\"POST\" action=\"https:\/\/canlleig.com\/de\/booking-confirmation\/\" class=\"mphb-booking-form mphb-booking-form--direct-booking\" id=\"booking-form-548\" data-first_available_check_in_date=\"2026-05-27\">\n\n\t\t<p class=\"mphb-required-fields-tip\"><small>Erforderliche Felder werden gefolgt von <abbr title=\"required\">*<\/abbr><\/small><\/p>\n\t\t<input type=\"hidden\" id=\"mphb-checkout-nonce\" name=\"mphb-checkout-nonce\" value=\"d6098a2235\" \/><input type=\"hidden\" name=\"_wp_http_referer\" value=\"\/de\/wp-json\/wp\/v2\/pages\/46\" \/>\t\t\t\t<input type=\"hidden\" name=\"mphb_room_type_id\" value=\"548\" \/>\n\t\t<p class=\"mphb-check-in-date-wrapper\">\n\t\t\t<label for=\"mphb_check_in_date-6a09febcd4566\">\n\t\t\t\tAnreisedatum\t\t\t\t<abbr title=\"Formatiert als dd\/mm\/yyyy\">*<\/abbr>\n\t\t\t<\/label>\n\t\t\t<br \/>\n\t\t\t<input id=\"mphb_check_in_date-6a09febcd4566\" type=\"text\" class=\"mphb-datepick\" value=\"\" required=\"required\" autocomplete=\"off\" placeholder=\"Anreisedatum\" inputmode=\"none\" \/>\n\t\t\t<input id=\"mphb_check_in_date-6a09febcd4566-hidden\" type=\"hidden\" name=\"mphb_check_in_date\" value=\"\" \/>\n\t\t<\/p>\n\t\t<p class=\"mphb-check-out-date-wrapper\">\n\t\t\t<label for=\"mphb_check_out_date-6a09febcd4566\">\n\t\t\t\tAbreisedatum\t\t\t\t<abbr title=\"Formatiert als dd\/mm\/yyyy\">*<\/abbr>\n\t\t\t<\/label>\n\t\t\t<br \/>\n\t\t\t<input id=\"mphb_check_out_date-6a09febcd4566\" type=\"text\" class=\"mphb-datepick\" value=\"\" required=\"required\" autocomplete=\"off\" placeholder=\"Abreisedatum\" inputmode=\"none\" \/>\n\t\t\t<input id=\"mphb_check_out_date-6a09febcd4566-hidden\" type=\"hidden\" name=\"mphb_check_out_date\" value=\"\" \/>\n\t\t<\/p>\n\t\t\t\t\t\t\t<div class=\"mphb-reserve-room-section mphb-hide\">\n\t\t\t\t<p class=\"mphb-rooms-quantity-wrapper mphb-rooms-quantity-multiple mphb-hide\">\n\t\t\t\t<select class=\"mphb-rooms-quantity\" id=\"mphb-rooms-quantity-548\" name=\"mphb_rooms_details[548]\"><option value=\"1\" selected=\"selected\">1<\/option><\/select> of <span class=\"mphb-available-rooms-count\">1<\/span> verf\u00fcgbare Unterk\u00fcnfte reservieren.\t\t\t\t<\/p>\n\t\t\t\t<p class=\"mphb-rooms-quantity-wrapper mphb-rooms-quantity-single mphb-hide\">\n\t\t\t\t\tFinca Can Lleig (Complete Villa &#8211; 6 Rooms) ist f\u00fcr ausgew\u00e4hlte Daten verf\u00fcgbar.\t\t\t\t<\/p>\n\t\t\t\t\t\t\t\t<input type=\"hidden\" name=\"mphb_is_direct_booking\" value=\"1\" \/>\n\t\t\t\t<input class=\"button mphb-button mphb-confirm-reservation\" type=\"submit\" value=\"Reservierung best\u00e4tigen\" \/>\n\t\t\t<\/div>\n\t\t\n\t\t<div class=\"mphb-errors-wrapper mphb-hide\"><\/div>\n\t\t<p class=\"mphb-reserve-btn-wrapper\">\n\t\t\t<input class=\"mphb-reserve-btn button\" type=\"submit\" value=\"Verf\u00fcgbarkeit pr\u00fcfen\" \/>\n\t\t<\/p>\n\t<\/form>\n\t<\/div><\/div>\n<\/div>\n<\/div>\n","protected":false},"excerpt":{"rendered":"","protected":false},"author":4,"featured_media":0,"parent":0,"menu_order":0,"comment_status":"closed","ping_status":"closed","template":"","meta":{"_acf_changed":false,"slim_seo":{"title":"Activities - Can Lleig","description":""},"footnotes":""},"class_list":["post-46","page","type-page","status-publish","hentry"],"acf":[],"_links":{"self":[{"href":"https:\/\/canlleig.com\/de\/wp-json\/wp\/v2\/pages\/46","targetHints":{"allow":["GET"]}}],"collection":[{"href":"https:\/\/canlleig.com\/de\/wp-json\/wp\/v2\/pages"}],"about":[{"href":"https:\/\/canlleig.com\/de\/wp-json\/wp\/v2\/types\/page"}],"author":[{"embeddable":true,"href":"https:\/\/canlleig.com\/de\/wp-json\/wp\/v2\/users\/4"}],"replies":[{"embeddable":true,"href":"https:\/\/canlleig.com\/de\/wp-json\/wp\/v2\/comments?post=46"}],"version-history":[{"count":26,"href":"https:\/\/canlleig.com\/de\/wp-json\/wp\/v2\/pages\/46\/revisions"}],"predecessor-version":[{"id":958,"href":"https:\/\/canlleig.com\/de\/wp-json\/wp\/v2\/pages\/46\/revisions\/958"}],"wp:attachment":[{"href":"https:\/\/canlleig.com\/de\/wp-json\/wp\/v2\/media?parent=46"}],"curies":[{"name":"wp","href":"https:\/\/api.w.org\/{rel}","templated":true}]}}