
{"id":2,"date":"2024-07-02T16:41:23","date_gmt":"2024-07-02T16:41:23","guid":{"rendered":"https:\/\/canlleig.com\/?page_id=2"},"modified":"2025-03-07T09:06:55","modified_gmt":"2025-03-07T09:06:55","slug":"sales-conditions","status":"publish","type":"page","link":"https:\/\/canlleig.com\/de\/sales-conditions\/","title":{"rendered":"Verkaufsbedingungen"},"content":{"rendered":"<h3 class=\"wp-block-heading\">Buchung und Bezahlung<\/h3>\n\n\n\n<ol class=\"wp-block-list\">\n<li><strong>Buchungsbest\u00e4tigung<\/strong>:\n<ul class=\"wp-block-list\">\n<li>Ihre Buchung wird best\u00e4tigt, sobald wir Ihre Zahlung erhalten haben.<\/li>\n<\/ul>\n<\/li>\n\n\n\n<li><strong>Zahlungsbedingungen<\/strong>:\n<ul class=\"wp-block-list\">\n<li>Der Gesamtbetrag muss zum Zeitpunkt der Buchung \u00fcberwiesen werden.<\/li>\n<\/ul>\n<\/li>\n<\/ol>\n\n\n\n<h3 class=\"wp-block-heading\">Stornierungspolitik<\/h3>\n\n\n\n<ol class=\"wp-block-list\">\n<li><strong>Stornierung durch G\u00e4ste<\/strong>:\n<ul class=\"wp-block-list\">\n<li>Wenn Sie Ihre Buchung innerhalb von 48 Stunden und mindestens 14 Tage vor der Ankunft stornieren, erhalten Sie den vollen Betrag zur\u00fcck.<\/li>\n\n\n\n<li>Wenn Sie Ihre Buchung mehr als einen Monat vor Ihrem Ankunftsdatum stornieren, erhalten Sie 50% Ihrer Zahlung zur\u00fcck.<\/li>\n\n\n\n<li>Wenn Sie Ihre Buchung weniger als einen Monat vor dem Anreisedatum stornieren, wird keine Erstattung gew\u00e4hrt.<\/li>\n\n\n\n<li>Eine K\u00fcndigung durch den Mieter muss immer per E-Mail erfolgen und den Namen des Mieters und den Mietzeitraum enthalten.<\/li>\n<\/ul>\n<\/li>\n\n\n\n<li><strong>Stornierung durch den Vermieter<\/strong>: \n<ul class=\"wp-block-list\">\n<li>In dem unwahrscheinlichen Fall, dass wir Ihre Buchung stornieren m\u00fcssen, erstatten wir Ihnen die bereits geleisteten Zahlungen vollst\u00e4ndig zur\u00fcck. In diesem Fall hat der Mieter keine Rechte \u00fcber die R\u00fcckforderung der bereits gezahlten Betr\u00e4ge hinaus und verzichtet ausdr\u00fccklich auf weitere Anspr\u00fcche.<\/li>\n\n\n\n<li>Der Vermieter beh\u00e4lt sich das Recht vor, den Mietvertrag zu stornieren, wenn sich herausstellt, dass die angegebenen pers\u00f6nlichen Daten unrichtig sind.<\/li>\n<\/ul>\n<\/li>\n\n\n\n<li><strong>Annullierung durch die Regierung<\/strong>\n<ul class=\"wp-block-list\">\n<li>Wenn der Aufenthalt aufgrund von Ma\u00dfnahmen der spanischen Regierung oder einer anderen staatlichen Beh\u00f6rde nicht stattfinden kann, gelten die Stornierungsbedingungen weiterhin. Wir empfehlen daher den Abschluss einer Reise- und\/oder Reiser\u00fccktrittsversicherung, damit Sie im Falle einer Stornierung oder eines Abbruchs Ihres Aufenthalts aufgrund unvorhergesehener Umst\u00e4nde oder h\u00f6herer Gewalt Ihr Geld zur\u00fcckerhalten k\u00f6nnen. Bitte wenden Sie sich im Voraus an Ihren Versicherungsagenten, um eine angemessene Deckung sicherzustellen.<\/li>\n<\/ul>\n<\/li>\n<\/ol>\n\n\n\n<h3 class=\"wp-block-heading\">Reinigungsdienste<\/h3>\n\n\n\n<ol class=\"wp-block-list\">\n<li><strong>Reinigungsstandards<\/strong>:\n<ul class=\"wp-block-list\">\n<li>Die Villa wird von den Concierges nach Ihrem Aufenthalt gegen eine Pauschale von 300\u20ac gereinigt.<\/li>\n<\/ul>\n<\/li>\n\n\n\n<li><strong>Anforderungen an die Reinigung<\/strong>:\n<ul class=\"wp-block-list\">\n<li>Bitte hinterlassen Sie die K\u00fcche nach Ihrem Aufenthalt aufger\u00e4umt.<\/li>\n\n\n\n<li>Bitte werfen Sie Ihre Abf\u00e4lle in die Beh\u00e4lter am Carport, und die Hausmeister werden sie zu den st\u00e4dtischen Containern bringen.<\/li>\n\n\n\n<li>Bitte lassen Sie die benutzten Handt\u00fccher in der Eingangshalle des Hauses.<\/li>\n<\/ul>\n<\/li>\n<\/ol>\n\n\n\n<h3 class=\"wp-block-heading\">Check-Out-Zeit<\/h3>\n\n\n\n<ol class=\"wp-block-list\">\n<li><strong>Check-In Zeit<\/strong>: Check-in ist um 16:00 Uhr. Bitte respektieren Sie diese Zeit, wenn nicht anders im Voraus vereinbart.<\/li>\n\n\n\n<li><strong>Check-Out-Verfahren<\/strong>:\n<ul class=\"wp-block-list\">\n<li>Die Abreise erfolgt bis 10.00 Uhr am Tag der Abreise.<\/li>\n\n\n\n<li>Anfragen f\u00fcr einen sp\u00e4ten Check-out k\u00f6nnen je nach Verf\u00fcgbarkeit ber\u00fccksichtigt werden und m\u00fcssen im Voraus genehmigt werden.<\/li>\n<\/ul>\n<\/li>\n\n\n\n<li><strong>Verantwortlichkeiten beim Check-Out<\/strong>:\n<ul class=\"wp-block-list\">\n<li>Bitte stellen Sie sicher, dass alle pers\u00f6nlichen Gegenst\u00e4nde aus der Villa entfernt werden.<\/li>\n\n\n\n<li>Geben Sie alle Schl\u00fcssel und alle zur Verf\u00fcgung gestellten Ger\u00e4te zur\u00fcck.<\/li>\n\n\n\n<li>Sorgen Sie daf\u00fcr, dass alle Abf\u00e4lle ordnungsgem\u00e4\u00df entsorgt werden und die Villa in einem sauberen Zustand hinterlassen wird.<\/li>\n<\/ul>\n<\/li>\n<\/ol>\n\n\n\n<h3 class=\"wp-block-heading\">Schadenersatz und Kaution<\/h3>\n\n\n\n<p>Eine Kaution in H\u00f6he von 250 Euro muss bei der Ankunft in der Wohnung beim Concierge hinterlegt werden und wird den Mietern bei der Abreise zur\u00fcckerstattet, es sei denn, es handelt sich um eine Kaution:<\/p>\n\n\n\n<ol class=\"wp-block-list\">\n<li><strong>Schaden<\/strong>: Es gibt Sch\u00e4den an der Immobilie, den M\u00f6beln oder den Ger\u00e4ten.<\/li>\n\n\n\n<li><strong>Verlust von Gegenst\u00e4nden<\/strong>: Gegenst\u00e4nde wie Schl\u00fcssel, Fernbedienungen oder andere Annehmlichkeiten gehen verloren.<\/li>\n\n\n\n<li><strong>Exzessive Reinigung<\/strong>: Das Haus wird in einem \u00fcberm\u00e4\u00dfig schmutzigen Zustand hinterlassen, der eine zus\u00e4tzliche Reinigung \u00fcber die normalen Erwartungen hinaus erfordert.<\/li>\n\n\n\n<li><strong>Nichteinhaltung der Vorschriften<\/strong>: Die G\u00e4ste halten sich nicht an die Anweisungen beim Auschecken, indem sie z. B. den M\u00fcll nicht entsorgen oder benutzte Handt\u00fccher und Bettw\u00e4sche nicht wie verlangt zur\u00fccklassen.<\/li>\n<\/ol>\n\n\n\n<p>In solchen F\u00e4llen kann die Kaution ganz oder teilweise zur Deckung der Kosten einbehalten werden.<\/p>\n\n\n\n<h3 class=\"wp-block-heading\">Haftung<\/h3>\n\n\n\n<div class=\"wp-block-group\"><div class=\"wp-block-group__inner-container is-layout-constrained wp-block-group-is-layout-constrained\">\n<p>Der Mieter verpflichtet sich, das Haus wie ein verantwortungsbewusster Hausverwalter zu behandeln. Bei St\u00f6rung und\/oder Besch\u00e4digung des Eigentums oder des Inventars oder bei Nichteinhaltung der Hausordnung k\u00f6nnen Sie aufgefordert werden, das Ferienhaus zu verlassen.<\/p>\n\n\n\n<p>Als Eigent\u00fcmer haften wir nicht f\u00fcr Diebstahl, Verlust oder Besch\u00e4digung jeglicher Art von Eigentum oder Personen w\u00e4hrend oder als Folge eines Aufenthalts in unserem Ferienhaus. Wir \u00fcbernehmen auch keine Haftung f\u00fcr St\u00f6rungen oder M\u00e4ngel der von Dritten erbrachten Dienstleistungen.<\/p>\n\n\n\n<p>Der Mieter haftet f\u00fcr alle Verluste und\/oder Sch\u00e4den an der gemieteten Unterkunft und\/oder an anderem Eigentum des Eigent\u00fcmers, die w\u00e4hrend der Nutzung durch Sie und\/oder andere Nutzer entstehen, unabh\u00e4ngig davon, ob diese auf Handlungen oder Unterlassungen von Ihnen und\/oder von Dritten zur\u00fcckzuf\u00fchren sind, die mit Ihrer Erlaubnis die Unterkunft betreten haben.<\/p>\n\n\n\n<p>Alle Sch\u00e4den m\u00fcssen dem Vermieter vor der Abreise des Mieters gemeldet werden.<\/p>\n<\/div><\/div>\n\n\n\n<h3 class=\"wp-block-heading\">Hausordnung<\/h3>\n\n\n\n<ul class=\"wp-block-list\">\n<li>Das Ferienhaus wird nicht f\u00fcr Junggesellenabschiede, Studententreffen oder andere exzessive Trinkgelage vermietet.<\/li>\n\n\n\n<li>Rauchen ist im Haus nicht erlaubt. Bitte seien Sie vorsichtig, wenn Sie in der Natur rauchen!<\/li>\n\n\n\n<li>Wir bitten Sie, unsere Nachbarn zu respektieren und den L\u00e4rm nach 22 Uhr auf ein Minimum zu beschr\u00e4nken. Laute Partys sind nicht erlaubt!<\/li>\n\n\n\n<li>Badet\u00fccher, Strandt\u00fccher und Bettlaken stehen Ihnen zur Verf\u00fcgung.<\/li>\n\n\n\n<li>Bitte benutzen Sie Badet\u00fccher nur f\u00fcr das Bad und nicht f\u00fcr den Strand. Die wei\u00dfen Handt\u00fccher sind f\u00fcr den Innenbereich, die farbigen f\u00fcr das Schwimmbad und die anderen f\u00fcr den Strand.<\/li>\n\n\n\n<li>Verwenden Sie am Pool nur Plastikgl\u00e4ser. Wir wollen nicht, dass sich jemand auf der Terrasse oder am Pool an Glasscherben verletzt.<\/li>\n\n\n\n<li>Bitte entsorgen Sie den M\u00fcll in den Beh\u00e4ltern beim Carport, wobei Sie das Glas trennen sollten.<\/li>\n\n\n\n<li>Bitte lassen Sie alle M\u00f6bel an ihrem urspr\u00fcnglichen Platz; wenn Sie etwas umstellen wollen, fragen Sie zuerst das Hauspersonal.<\/li>\n\n\n\n<li>Es ist nicht gestattet, das Objekt mit mehr als der angegebenen H\u00f6chstzahl von Personen (12 Personen) zu belegen. Zus\u00e4tzliche Zelte, Wohnwagen oder Wohnmobile sind ebenfalls nicht erlaubt. Kinder unter 2 Jahren werden nicht als volle Personen gez\u00e4hlt, m\u00fcssen aber im Voraus angegeben werden.<\/li>\n\n\n\n<li>Andere Personen als die Mieter d\u00fcrfen nicht auf das Grundst\u00fcck eingeladen werden.<\/li>\n\n\n\n<li>Achten Sie bitte darauf, dass das Wasser des Schwimmbeckens nicht in die Pflanzen gelangt, und haben Sie ein Auge auf die Kinder, um dies zu verhindern.<\/li>\n\n\n\n<li>Verlassen Sie die K\u00fcche am Ende Ihres Aufenthalts sauber (hinterlassen Sie keine Unordnung).<\/li>\n\n\n\n<li>Schlie\u00dfen Sie immer alle Gatter auf dem Grundst\u00fcck, um zu verhindern, dass Ziegen in den Garten gelangen und die Pflanzen fressen.<\/li>\n\n\n\n<li>Seien Sie vorsichtig, die Terrasse kann bei N\u00e4sse rutschig werden.<\/li>\n\n\n\n<li>Gelegentlich k\u00f6nnen Quallen im Meer vorkommen. Wenn Sie gestochen werden, schaben Sie die Stichstelle am besten mit der feinen Seite einer Karte (z. B. einer Scheckkarte) ab und sp\u00fclen Sie sie mit Meerwasser aus.<\/li>\n\n\n\n<li>Zu bestimmten Jahreszeiten kann es vorkommen, dass Insekten unterwegs sind. Die Mitnahme von M\u00fcckencreme oder -spray kann n\u00fctzlich sein, vor allem f\u00fcr Kinder in den Abendstunden.<\/li>\n\n\n\n<li>Bitte respektieren Sie die Privatsph\u00e4re und den Frieden unserer Nachbarn. \u00dcberm\u00e4\u00dfiger L\u00e4rm oder St\u00f6rungen werden nicht geduldet.<\/li>\n\n\n\n<li>Haustiere sind nicht erlaubt, es sei denn, es liegt eine vorherige Genehmigung vor.<\/li>\n\n\n\n<li>Im Falle eines Brandes verlassen Sie bitte so schnell wie m\u00f6glich das Geb\u00e4ude und verst\u00e4ndigen Sie die Feuerwehr (112) und den Eigent\u00fcmer. Bei einem kleinen Brand k\u00f6nnen Sie zun\u00e4chst versuchen, ihn mit den vorhandenen Feuerl\u00f6schern zu l\u00f6schen.<\/li>\n<\/ul>\n\n\n\n<h3 class=\"wp-block-heading\">Kontaktinformationen<\/h3>\n\n\n\n<ul class=\"wp-block-list\">\n<li>Wenn Sie Fragen haben oder w\u00e4hrend Ihres Aufenthalts Hilfe ben\u00f6tigen, wenden Sie sich bitte an uns:<\/li>\n\n\n\n<li>Telefon: +32 477 47 18 50<\/li>\n\n\n\n<li>E-Mail: <a href=\"mailto:info@canlleig.com\" target=\"_blank\" rel=\"noreferrer noopener\">info@canlleig.com<\/a><\/li>\n<\/ul>\n\n\n\n<p>Vielen Dank, dass Sie unsere Villa f\u00fcr Ihren Aufenthalt auf Mallorca gew\u00e4hlt haben. Wir freuen uns darauf, Sie willkommen zu hei\u00dfen und sicherzustellen, dass Sie eine angenehme und unvergessliche Erfahrung haben.<\/p>\n\n\n\n<hr class=\"wp-block-separator has-alpha-channel-opacity\"\/>\n\n\n\n<p>Sie k\u00f6nnen die einzelnen Abschnitte gerne ab\u00e4ndern, um sie besser an die spezifischen Bed\u00fcrfnisse und Vorlieben Ihres Kunden anzupassen.<\/p>","protected":false},"excerpt":{"rendered":"<p>Booking and Payment Cancellation Policy Cleaning Services Check-Out Time Damage and Security Deposit A deposit of 250 euros must be given to the concierges on arrival at the property and will be returned to the tenants on departure unless: In such cases, part or all of the deposit may be retained to cover the costs. [&hellip;]<\/p>\n","protected":false},"author":4,"featured_media":0,"parent":0,"menu_order":0,"comment_status":"closed","ping_status":"closed","template":"","meta":{"_acf_changed":false,"slim_seo":{"title":"Sales Conditions - Can Lleig","description":"Booking and Payment Cancellation Policy Cleaning Services Check-Out Time Damage and Security Deposit A deposit of 250 euros must be given to the concierges on a"},"footnotes":""},"class_list":["post-2","page","type-page","status-publish","hentry"],"acf":[],"_links":{"self":[{"href":"https:\/\/canlleig.com\/de\/wp-json\/wp\/v2\/pages\/2","targetHints":{"allow":["GET"]}}],"collection":[{"href":"https:\/\/canlleig.com\/de\/wp-json\/wp\/v2\/pages"}],"about":[{"href":"https:\/\/canlleig.com\/de\/wp-json\/wp\/v2\/types\/page"}],"author":[{"embeddable":true,"href":"https:\/\/canlleig.com\/de\/wp-json\/wp\/v2\/users\/4"}],"replies":[{"embeddable":true,"href":"https:\/\/canlleig.com\/de\/wp-json\/wp\/v2\/comments?post=2"}],"version-history":[{"count":15,"href":"https:\/\/canlleig.com\/de\/wp-json\/wp\/v2\/pages\/2\/revisions"}],"predecessor-version":[{"id":1059,"href":"https:\/\/canlleig.com\/de\/wp-json\/wp\/v2\/pages\/2\/revisions\/1059"}],"wp:attachment":[{"href":"https:\/\/canlleig.com\/de\/wp-json\/wp\/v2\/media?parent=2"}],"curies":[{"name":"wp","href":"https:\/\/api.w.org\/{rel}","templated":true}]}}